{"id":348,"date":"2013-09-19T15:16:59","date_gmt":"2013-09-19T14:16:59","guid":{"rendered":"http:\/\/meditassi.fr\/?page_id=348"},"modified":"2018-01-06T14:33:20","modified_gmt":"2018-01-06T13:33:20","slug":"sceances-individuelles","status":"publish","type":"page","link":"https:\/\/meditassi.com\/?page_id=348","title":{"rendered":"S\u00e9ances individuelles"},"content":{"rendered":"<h3 style=\"text-align: center;\"><\/h3>\n<p>&nbsp;<\/p>\n<h3 style=\"text-align: left;\"><strong>COURS INDIVIDUEL des\u00a0YOGAS SECRETS et de MEDITATION<br \/>\n<\/strong><\/h3>\n<p>S\u00e9ance individuelle de partage de l&rsquo;enseignement et de pratique adapt\u00e9e \u00e0 votre niveau.<\/p>\n<p>S\u00e9ance d&rsquo;une heure, d&rsquo;une heure et demi, de deux heures, \u00e0 votre choix.<\/p>\n<p style=\"text-align: center;\"><a href=\"http:\/\/meditassi.com\/?attachment_id=1090\" rel=\"attachment wp-att-1090\"><img decoding=\"async\" loading=\"lazy\" class=\"wp-image-1090 aligncenter\" src=\"http:\/\/meditassi.com\/wp-content\/uploads\/2013\/05\/lotus-lovina.jpg\" alt=\"\" width=\"58\" height=\"56\" \/><\/a><\/p>\n<h3 style=\"text-align: center;\"><\/h3>\n<h3 style=\"text-align: center;\"><\/h3>\n<h2 style=\"text-align: center;\"><\/h2>\n<h3><\/h3>\n<p>&nbsp;<\/p>\n","protected":false},"excerpt":{"rendered":"<p>&nbsp; COURS INDIVIDUEL des\u00a0YOGAS SECRETS et de MEDITATION S\u00e9ance individuelle de partage de l&rsquo;enseignement et de pratique adapt\u00e9e \u00e0 votre niveau. S\u00e9ance d&rsquo;une heure, d&rsquo;une heure et demi, de deux heures, \u00e0 votre choix. &nbsp;<\/p>\n","protected":false},"author":1,"featured_media":0,"parent":0,"menu_order":0,"comment_status":"closed","ping_status":"closed","template":"","meta":[],"_links":{"self":[{"href":"https:\/\/meditassi.com\/index.php?rest_route=\/wp\/v2\/pages\/348"}],"collection":[{"href":"https:\/\/meditassi.com\/index.php?rest_route=\/wp\/v2\/pages"}],"about":[{"href":"https:\/\/meditassi.com\/index.php?rest_route=\/wp\/v2\/types\/page"}],"author":[{"embeddable":true,"href":"https:\/\/meditassi.com\/index.php?rest_route=\/wp\/v2\/users\/1"}],"replies":[{"embeddable":true,"href":"https:\/\/meditassi.com\/index.php?rest_route=%2Fwp%2Fv2%2Fcomments&post=348"}],"version-history":[{"count":72,"href":"https:\/\/meditassi.com\/index.php?rest_route=\/wp\/v2\/pages\/348\/revisions"}],"predecessor-version":[{"id":1191,"href":"https:\/\/meditassi.com\/index.php?rest_route=\/wp\/v2\/pages\/348\/revisions\/1191"}],"wp:attachment":[{"href":"https:\/\/meditassi.com\/index.php?rest_route=%2Fwp%2Fv2%2Fmedia&parent=348"}],"curies":[{"name":"wp","href":"https:\/\/api.w.org\/{rel}","templated":true}]}}