{"id":250,"date":"2013-05-30T10:24:50","date_gmt":"2013-05-30T09:24:50","guid":{"rendered":"http:\/\/meditassi.fr\/?page_id=250"},"modified":"2018-01-06T14:37:48","modified_gmt":"2018-01-06T13:37:48","slug":"enseignement","status":"publish","type":"page","link":"https:\/\/meditassi.com\/?page_id=250","title":{"rendered":"Enseignement"},"content":{"rendered":"<h2 style=\"text-align: center;\"><\/h2>\n<h2 style=\"text-align: center;\"><img decoding=\"async\" loading=\"lazy\" class=\"alignnone wp-image-861\" src=\"http:\/\/meditassi.fr\/wp-content\/uploads\/2013\/05\/Acyntia-2.jpg\" alt=\"Acyntia 2\" width=\"247\" height=\"335\" srcset=\"https:\/\/meditassi.com\/wp-content\/uploads\/2013\/05\/Acyntia-2.jpg 326w, https:\/\/meditassi.com\/wp-content\/uploads\/2013\/05\/Acyntia-2-221x300.jpg 221w\" sizes=\"(max-width: 247px) 100vw, 247px\" \/><\/h2>\n<h2 style=\"text-align: center;\"><strong>\u00a0\u00ab\u00a0Yogas Secrets\u00a0\u00bb<\/strong><\/h2>\n<h4 style=\"text-align: justify;\">Les \u00ab\u00a0yogas secrets\u00a0\u00bb\u00a0sont un support pour une prise de conscience de la structure subtile du corps, de l\u2019\u00e9nergie et de l\u2019esprit. Ils\u00a0\u00a0permettent d\u2019ouvrir nos sens \u00e0 l\u2019\u00e9nergie de la nature et de l\u2019univers.<\/h4>\n<h4 style=\"text-align: justify;\">Bas\u00e9e sur des pratiques simples, ces pratiques permettent\u00a0 une purification et une compr\u00e9hension psychologique et physique, \u00a0diminuant le stress, et faisant d\u00e9couvrir l\u2019ouverture \u00e0 l\u2019unit\u00e9 universelle<strong>.\u00a0<\/strong>source du bien-\u00eatre.<\/h4>\n<h4 style=\"text-align: justify;\">La base de la m\u00e9ditation repose sur la respiration, le yoga du corps, compos\u00e9 de douze postures simples \u00a0ouvrent \u00e0 la pr\u00e9sence au corps\u00a0et le yoga de la voix \u00a0permettant d\u2019ouvrir les canaux d\u2019\u00e9nergies.<\/h4>\n<h4 style=\"text-align: justify;\">Cette base permet de d\u00e9velopper les trois s\u00e9ries des Yogas secrets:<\/h4>\n<h4 style=\"text-align: justify;\">Kundalini 1 :<u><\/u><strong><u>\u00a0<\/u><\/strong>avec la respiration et le ressenti sur des points pr\u00e9cis, Kundalini 1 permet d\u2019\u00e9quilibrer l\u2019\u00e9nergie dans le corps et d\u2019activer la Kundalini.<\/h4>\n<h4 style=\"text-align: justify;\">Kundalini 2 : avec la respiration et le ressenti, Kundalini 2 ouvre les canaux, les chakras et lotus. Elle permet l\u2019auto protection et \u00a0la gu\u00e9rison.<\/h4>\n<h4 style=\"text-align: justify;\">Taksu\u00a0: <strong>\u00a0<\/strong>permet l\u2019ouverture du canal central et des Padmas. Ouvre le lien avec l\u2019univers, la terre et la nature en soi. Permet la compr\u00e9hension des \u00ab\u00a0lois de l\u2019univers\u00a0\u00bb, de l\u2019amour pour soi, pour les autres, pour la vie et\u00a0 l\u2019action de donner sans retour comme l\u2019univers et de vivre la\u00a0sagesse de la lumi\u00e8re pure en relation avec le micro-macro.<\/h4>\n<h4 style=\"text-align: justify;\">L&rsquo;int\u00e9gration des Yogas secrets permet\u00a0d&rsquo;installer la connaissance et la personnalit\u00e9 de l&rsquo;univers en nous.<\/h4>\n<h4 style=\"text-align: justify;\">\u00a0Les \u00ab\u00a0yogas secrets\u00a0\u00bb m&rsquo;ont \u00e9t\u00e9 transmis\u00a0oralement par le sage balinais Gusti Putu Karep.<\/h4>\n<p style=\"text-align: center;\"><a href=\"http:\/\/meditassi.com\/?attachment_id=1165\" rel=\"attachment wp-att-1165\"><img decoding=\"async\" loading=\"lazy\" class=\"alignnone wp-image-1165\" src=\"http:\/\/meditassi.com\/wp-content\/uploads\/2013\/05\/Pak-Gusti-2017-Goa-Peteng.jpg\" alt=\"\" width=\"297\" height=\"223\" srcset=\"https:\/\/meditassi.com\/wp-content\/uploads\/2013\/05\/Pak-Gusti-2017-Goa-Peteng.jpg 397w, https:\/\/meditassi.com\/wp-content\/uploads\/2013\/05\/Pak-Gusti-2017-Goa-Peteng-300x225.jpg 300w\" sizes=\"(max-width: 297px) 100vw, 297px\" \/><\/a><\/p>\n<p style=\"text-align: center;\"><strong>GUSTI PUTU KAREP<\/strong><strong>\u00a0<\/strong><\/p>\n<h2 style=\"text-align: center;\"><a href=\"http:\/\/meditassi.com\/?attachment_id=1090\" rel=\"attachment wp-att-1090\"><img decoding=\"async\" loading=\"lazy\" class=\"wp-image-1090 aligncenter\" src=\"http:\/\/meditassi.com\/wp-content\/uploads\/2013\/05\/lotus-lovina.jpg\" alt=\"\" width=\"58\" height=\"56\" \/><\/a><\/h2>\n<p style=\"text-align: center;\"><b>\u00a0<\/b><\/p>\n<h4><strong>Dzogchen<\/strong> signifie grande perfection.<\/h4>\n<h4>La vue du Dzogchen et la pratique de sa m\u00e9ditation,\u00a0permet de d\u00e9couvrir l\u2019\u00e9tat naturel, la v\u00e9ritable nature inh\u00e9rente de tous les \u00eatres, \u00a0libre de toute limitation et de tout conditionnement.<\/h4>\n<h4>Elle permet de donner de l\u2019espace vis \u00e0 vis de\u00a0nos pens\u00e9es et nos consciences r\u00e9actives.<\/h4>\n<h4>De\u00a0retrouver la libert\u00e9 et la joie int\u00e9rieure avec l\u2019auto lib\u00e9ration spontan\u00e9e dans cet \u00e9tat.<\/h4>\n<h4>De petit \u00e0 petit stabiliser cet \u00e9tat en nous.<\/h4>\n<h4><\/h4>\n<h2><a href=\"http:\/\/meditassi.com\/?attachment_id=1090\" rel=\"attachment wp-att-1090\"><img decoding=\"async\" loading=\"lazy\" class=\"wp-image-1090 aligncenter\" src=\"http:\/\/meditassi.com\/wp-content\/uploads\/2013\/05\/lotus-lovina.jpg\" alt=\"\" width=\"58\" height=\"56\" \/><\/a><\/h2>\n<p style=\"text-align: center;\">\n","protected":false},"excerpt":{"rendered":"<p>\u00a0\u00ab\u00a0Yogas Secrets\u00a0\u00bb Les \u00ab\u00a0yogas secrets\u00a0\u00bb\u00a0sont un support pour une prise de conscience de la structure subtile du corps, de l\u2019\u00e9nergie et de l\u2019esprit. Ils\u00a0\u00a0permettent d\u2019ouvrir nos sens \u00e0 l\u2019\u00e9nergie de la nature et de l\u2019univers. Bas\u00e9e sur des pratiques simples, &hellip; <a href=\"https:\/\/meditassi.com\/?page_id=250\">Continuer la lecture <span class=\"meta-nav\">&rarr;<\/span><\/a><\/p>\n","protected":false},"author":1,"featured_media":0,"parent":0,"menu_order":0,"comment_status":"closed","ping_status":"closed","template":"","meta":[],"_links":{"self":[{"href":"https:\/\/meditassi.com\/index.php?rest_route=\/wp\/v2\/pages\/250"}],"collection":[{"href":"https:\/\/meditassi.com\/index.php?rest_route=\/wp\/v2\/pages"}],"about":[{"href":"https:\/\/meditassi.com\/index.php?rest_route=\/wp\/v2\/types\/page"}],"author":[{"embeddable":true,"href":"https:\/\/meditassi.com\/index.php?rest_route=\/wp\/v2\/users\/1"}],"replies":[{"embeddable":true,"href":"https:\/\/meditassi.com\/index.php?rest_route=%2Fwp%2Fv2%2Fcomments&post=250"}],"version-history":[{"count":65,"href":"https:\/\/meditassi.com\/index.php?rest_route=\/wp\/v2\/pages\/250\/revisions"}],"predecessor-version":[{"id":1192,"href":"https:\/\/meditassi.com\/index.php?rest_route=\/wp\/v2\/pages\/250\/revisions\/1192"}],"wp:attachment":[{"href":"https:\/\/meditassi.com\/index.php?rest_route=%2Fwp%2Fv2%2Fmedia&parent=250"}],"curies":[{"name":"wp","href":"https:\/\/api.w.org\/{rel}","templated":true}]}}