{"id":2,"date":"2013-03-23T15:07:38","date_gmt":"2013-03-23T14:07:38","guid":{"rendered":"http:\/\/meditassi.fr\/?page_id=2"},"modified":"2023-02-26T19:54:19","modified_gmt":"2023-02-26T18:54:19","slug":"page-d-exemple","status":"publish","type":"page","link":"https:\/\/meditassi.com\/","title":{"rendered":"MEDITASSI"},"content":{"rendered":"<h2 style=\"text-align: center;\"><\/h2>\n<p style=\"text-align: center;\">Respirer avec l&rsquo;univers<\/p>\n<p style=\"text-align: center;\">Accueillir en soi\u00a0l&rsquo;espace et la lumi\u00e8re<\/p>\n<p style=\"text-align: center;\">\u00a0C&rsquo;est le chemin de la paix, de la libert\u00e9,\u00a0de la joie et de la connaissance<\/p>\n<p style=\"text-align: center;\"><strong>Les Yogas secrets<\/strong><\/p>\n<p style=\"text-align: justify;\">A Bali, cette sagesse est appel\u00e9e \u00ab\u00a0Micro-macro\u00a0\u00bb, parce qu\u2019elle relie notre corps (micro) \u00e0 l\u2019univers (macro). Les \u00abYogas secrets\u00a0\u00bb permettent de d\u00e9couvrir comment int\u00e9grer le macro dans notre corps,\u00a0de\u00a0respirer \u00e0 l\u2019unisson avec l\u2019univers\u00a0 de mani\u00e8re physique, \u00e9nerg\u00e9tique et spirituelle pour\u00a0d\u00e9couvrir la pr\u00e9sence dans notre nature.<\/p>\n<p style=\"text-align: center;\"><strong>\u00a0Dzogchen<\/strong><\/p>\n<p style=\"text-align: justify;\">Stabilise cette pr\u00e9sence dans notre nature, cette m\u00e9ditation vient du Tibet, elle permet de d\u00e9couvrir l&rsquo;\u00e9tat naturel, de donner de l&rsquo;espace vis \u00e0 vis de\u00a0nos pens\u00e9es et nos consciences r\u00e9actives. De retrouver la libert\u00e9 et la joie int\u00e9rieure avec l&rsquo;auto lib\u00e9ration spontan\u00e9e dans cet \u00e9tat.<\/p>\n<p style=\"text-align: justify;\">Transmises exempt\u00e9es de toute \u00e9toffe religieuse, ces sagesses dans leurs\u00a0simplicit\u00e9 sont\u00a0universelles.<\/p>\n<p style=\"text-align: center;\">\u00ab\u00a0La \u00a0pr\u00e9sence de\u00a0l&rsquo;univers en soi, est la paix, la libert\u00e9 et la joie de la vie\u00a0\u00bb<\/p>\n<h2 style=\"text-align: center;\"><\/h2>\n<h2 style=\"text-align: center;\"><a href=\"http:\/\/meditassi.com\/?attachment_id=1090\" rel=\"attachment wp-att-1090\"><img decoding=\"async\" loading=\"lazy\" class=\"wp-image-1090 aligncenter\" src=\"http:\/\/meditassi.com\/wp-content\/uploads\/2013\/05\/lotus-lovina.jpg\" alt=\"\" width=\"58\" height=\"56\" \/><\/a><\/h2>\n<h2 style=\"text-align: center;\"><\/h2>\n","protected":false},"excerpt":{"rendered":"<p>Respirer avec l&rsquo;univers Accueillir en soi\u00a0l&rsquo;espace et la lumi\u00e8re \u00a0C&rsquo;est le chemin de la paix, de la libert\u00e9,\u00a0de la joie et de la connaissance Les Yogas secrets A Bali, cette sagesse est appel\u00e9e \u00ab\u00a0Micro-macro\u00a0\u00bb, parce qu\u2019elle relie notre corps (micro) &hellip; <a href=\"https:\/\/meditassi.com\/\">Continuer la lecture <span class=\"meta-nav\">&rarr;<\/span><\/a><\/p>\n","protected":false},"author":1,"featured_media":0,"parent":0,"menu_order":1,"comment_status":"closed","ping_status":"closed","template":"","meta":[],"_links":{"self":[{"href":"https:\/\/meditassi.com\/index.php?rest_route=\/wp\/v2\/pages\/2"}],"collection":[{"href":"https:\/\/meditassi.com\/index.php?rest_route=\/wp\/v2\/pages"}],"about":[{"href":"https:\/\/meditassi.com\/index.php?rest_route=\/wp\/v2\/types\/page"}],"author":[{"embeddable":true,"href":"https:\/\/meditassi.com\/index.php?rest_route=\/wp\/v2\/users\/1"}],"replies":[{"embeddable":true,"href":"https:\/\/meditassi.com\/index.php?rest_route=%2Fwp%2Fv2%2Fcomments&post=2"}],"version-history":[{"count":347,"href":"https:\/\/meditassi.com\/index.php?rest_route=\/wp\/v2\/pages\/2\/revisions"}],"predecessor-version":[{"id":1199,"href":"https:\/\/meditassi.com\/index.php?rest_route=\/wp\/v2\/pages\/2\/revisions\/1199"}],"wp:attachment":[{"href":"https:\/\/meditassi.com\/index.php?rest_route=%2Fwp%2Fv2%2Fmedia&parent=2"}],"curies":[{"name":"wp","href":"https:\/\/api.w.org\/{rel}","templated":true}]}}