{"id":1159,"date":"2017-08-17T15:51:30","date_gmt":"2017-08-17T14:51:30","guid":{"rendered":"http:\/\/meditassi.com\/?page_id=1159"},"modified":"2018-01-06T13:56:50","modified_gmt":"2018-01-06T12:56:50","slug":"stage-chile","status":"publish","type":"page","link":"https:\/\/meditassi.com\/?page_id=1159","title":{"rendered":"Taller en Chile"},"content":{"rendered":"<p>Si desean un taller me pueden escribir por mail en la direcci\u00f3n que se encuentra en la pagina \u00ab\u00a0contact\u00a0\u00bb.<\/p>\n<p>&nbsp;<\/p>\n<p>La isla de Bali es\u00a0 un lugar m\u00e1gico donde conviven distintas culturas y religiones<\/p>\n<p>que han ido aportando conocimientos y sabidur\u00eda.<\/p>\n<p>Musulmanes, hinduistas y cristianos son las principales culturas que entrelazan sus riquezas.<\/p>\n<p>Bali es un lugar m\u00e0gico lleno de esp\u00edritus, gu\u00edas,<\/p>\n<p>caminos y tradiciones&#8230; As\u00ec todo balin\u00e9s sabe a d\u00f3nde pertenece y cu\u00e1l es su camino.<\/p>\n<p>Su meta es \u00ab\u00a0vivir en la tierra el orden del cosmos\u00a0\u00bb.<\/p>\n<p>&nbsp;<\/p>\n<p>El concepto de felicidad en Bali es alcanzar y mantener \u00ab\u00a0paz, balance mental y espiritual\u00a0\u00bb,\u00a0eso es para ellos procuran\u00a0 un estado de equlibrio permanente.<\/p>\n<p>Para esto a \u00a0lo largo de su vida se responden a las preguntas: \u00a0d\u00f3nde estoy?\u00a0 y a d\u00f3nde voy?.<\/p>\n<p>Para esto y de acuerdo a su cosmovisi\u00f3n,\u00a0 practican milenarias disciplinascomo meditaci\u00f3n, yoga,\u00a0 ritos y ceremonias que marcan etapas a lo largo de toda la vida.<\/p>\n<p>En un taller se entregar\u00e1 un sistema de meditaci\u00f3n muy antiguo y \u00ab\u00a0secreto\u00a0\u00bb \u00a0entregado a \u00a0Philippe\u00a0por un \u00a0maestro de sabidur\u00eda en Bali, que vio en \u00e9l aptitudes para transmitirlo y autoriz\u00f3 a ense\u00f1arlo.<\/p>\n<p>&nbsp;<\/p>\n<p>Philippe lo aprendi\u00f3 de transmisi\u00f3n directa por el maestro balin\u00e9s Gusti Putu Karep,y ahora entrega este sistema por\u00a0 el mundo.<\/p>\n<p>Gusti Putu Karep es guardi\u00e1n\u00a0 de esta sabidur\u00eda ancestral milenaria de Bali.\u00a0Esta sabidur\u00eda se transmite por v\u00eda oral de generaci\u00f3n en generaci\u00f3na las personas que tienen cualidades para recibirla.<\/p>\n<p>En Bali se llama tambi\u00e9n Meditaci\u00f3n \u00ab\u00a0Micro-Macro\u00a0\u00bb porque nos ense\u00f1a a conectar\u00a0nuestro cuerpo (Micro) al universo (Macro) que es la dimensi\u00f3n real \u00a0de la vida.<\/p>\n<p>Este sistema de Meditaci\u00f3n permite vernos \u00ab\u00a0desde adentro\u00a0\u00bb para liberar los obst\u00e1culos\u00a0mentales y emocionales de \u00a0nuestro cuerpo.\u00a0Este sistema te une al universo de manera f\u00edsica,\u00a0energ\u00e9tica y espiritual lo que permite \u00a0establecer un dialogo intimo\u00a0con la realidad universal para, en este alineamiento,\u00a0poder plasmar en tu vida (cocrear) la realidad elegida.<\/p>\n<p>Un taller consta de dos partes, en el que se mezclan, la teor\u00eda y la pr\u00e1ctica.Esto\u00a0 permite r\u00e1pidamente experimentar \u00a0la conexi\u00f3n para su aplicaci\u00f3n cotidiana.<\/p>\n<p>&nbsp;<\/p>\n<p><strong>Programa de un taller :<\/strong><\/p>\n<p>&#8211; Ense\u00f1anza de la cosmogon\u00eda Balinesa. Los principios y fundamentos de la Meditaci\u00f3n Secreta de Bali,\u00a0y los principios de las leyes del universo.<\/p>\n<p>-T\u00e9cnicas de ejecuci\u00f3n y secuencias de respiraci\u00f3n (respirar con el Universo, sinton\u00eda del micro y macro)<\/p>\n<p>-Yoga Gerak\u00a0: yoga simple del cuerpo y de la respiraci\u00f3n con conexi\u00f3n con la tierra, naturaleza y universo.<\/p>\n<p>-Mudras : serie de mudras para equilibrar los \u00f3rganos<\/p>\n<p>&#8211; Meditaci\u00f3n de la Voz Interior, para abrir la circulaci\u00f3n en los centros energ\u00e9ticos.<\/p>\n<p>&#8211; Ense\u00f1anza de Kunda 1: T\u00e9cnicas de alineaci\u00f3n y activaci\u00f3n de la energ\u00eda y sus centros.<\/p>\n<p>(Meditaci\u00f3n guiada para entrar en la propia dimensi\u00f3n, en el camino del autoconocimiento,\u00a0de la paz y de la libertad).<\/p>\n<p>-T\u00e9cnicas de auto observaci\u00f3n. Acogerse a s\u00ed mismo en el espacio y la luz.<\/p>\n<p>Esta ense\u00f1anza te permite reconectarte con la fuente inagotable de energ\u00eda\u00a0del universo para replicarla en tu interior y desde ah\u00ed crear tu realidad.<\/p>\n<p>&nbsp;<\/p>\n","protected":false},"excerpt":{"rendered":"<p>Si desean un taller me pueden escribir por mail en la direcci\u00f3n que se encuentra en la pagina \u00ab\u00a0contact\u00a0\u00bb. &nbsp; La isla de Bali es\u00a0 un lugar m\u00e1gico donde conviven distintas culturas y religiones que han ido aportando conocimientos y &hellip; <a href=\"https:\/\/meditassi.com\/?page_id=1159\">Continuer la lecture <span class=\"meta-nav\">&rarr;<\/span><\/a><\/p>\n","protected":false},"author":1,"featured_media":0,"parent":0,"menu_order":0,"comment_status":"closed","ping_status":"closed","template":"","meta":[],"_links":{"self":[{"href":"https:\/\/meditassi.com\/index.php?rest_route=\/wp\/v2\/pages\/1159"}],"collection":[{"href":"https:\/\/meditassi.com\/index.php?rest_route=\/wp\/v2\/pages"}],"about":[{"href":"https:\/\/meditassi.com\/index.php?rest_route=\/wp\/v2\/types\/page"}],"author":[{"embeddable":true,"href":"https:\/\/meditassi.com\/index.php?rest_route=\/wp\/v2\/users\/1"}],"replies":[{"embeddable":true,"href":"https:\/\/meditassi.com\/index.php?rest_route=%2Fwp%2Fv2%2Fcomments&post=1159"}],"version-history":[{"count":8,"href":"https:\/\/meditassi.com\/index.php?rest_route=\/wp\/v2\/pages\/1159\/revisions"}],"predecessor-version":[{"id":1185,"href":"https:\/\/meditassi.com\/index.php?rest_route=\/wp\/v2\/pages\/1159\/revisions\/1185"}],"wp:attachment":[{"href":"https:\/\/meditassi.com\/index.php?rest_route=%2Fwp%2Fv2%2Fmedia&parent=1159"}],"curies":[{"name":"wp","href":"https:\/\/api.w.org\/{rel}","templated":true}]}}