{"id":114,"date":"2013-05-13T12:21:05","date_gmt":"2013-05-13T11:21:05","guid":{"rendered":"http:\/\/meditassi.fr\/?page_id=114"},"modified":"2018-01-06T14:29:30","modified_gmt":"2018-01-06T13:29:30","slug":"lenseignant","status":"publish","type":"page","link":"https:\/\/meditassi.com\/?page_id=114","title":{"rendered":"Philippe Renucci"},"content":{"rendered":"<h3 style=\"text-align: center;\"><\/h3>\n<h3 style=\"text-align: center;\"><a href=\"http:\/\/meditassi.com\/?attachment_id=1117\" rel=\"attachment wp-att-1117\"><img decoding=\"async\" loading=\"lazy\" class=\"alignnone wp-image-1117\" src=\"http:\/\/meditassi.com\/wp-content\/uploads\/2013\/05\/Phil.Renucci.jpg\" alt=\"\" width=\"265\" height=\"286\" srcset=\"https:\/\/meditassi.com\/wp-content\/uploads\/2013\/05\/Phil.Renucci.jpg 689w, https:\/\/meditassi.com\/wp-content\/uploads\/2013\/05\/Phil.Renucci-279x300.jpg 279w\" sizes=\"(max-width: 265px) 100vw, 265px\" \/><\/a><\/h3>\n<h3 style=\"text-align: center;\"><\/h3>\n<h3 style=\"text-align: center;\"><strong>Philippe Renucci<\/strong><\/h3>\n<h4 style=\"text-align: justify;\">\u00a0J&rsquo;ai \u00a0c\u00f4toy\u00e9 la sagesse am\u00e9rindienne et la philosophie bouddhiste\u00a0depuis l&rsquo;enfance.\u00a0N\u00e9 \u00e0 Paris et ayant grandi en Am\u00e9rique du Sud et en Asie, j&rsquo;ai d\u00e9velopp\u00e9 tout au long de ma vie ces sagesses.<\/h4>\n<h4 style=\"text-align: justify;\">En parall\u00e8le \u00e0 mon travail de d\u00e9corateur,\u00a0j&rsquo;ai appris le massage aupr\u00e8s de A. Jodorowsky, le massage ayurv\u00e9dique avec Swami Yog-Anand Bharati, le Reiki Tib\u00e9tain et Balinais.<\/h4>\n<h4>J&rsquo;ai depuis trente ans, \u00e9tudi\u00e9 la m\u00e9ditation Dzogchen \u00ab\u00a0La Grande Perfection\u00a0\u00bb ou l&rsquo;\u00e9tat naturel de toute chose \u00a0aupr\u00e8s de Namkai Norbu Rinpoche puis\u00a0Yongzin Tenzin Namdak Rinpoche.<\/h4>\n<h4 style=\"text-align: justify;\">J&rsquo;ai re\u00e7u la transmission orale\u00a0 des Yogas secrets par le sage Balinais Gusti Putu Karep et l&rsquo;autorisation et le droit de les partager.<\/h4>\n<h4 style=\"text-align: justify;\">Il va de soi que si ces enseignements conviennent, il sera bon de rencontrer ces lign\u00e9es de sagesse.<\/h4>\n<p>&nbsp;<\/p>\n<h2 style=\"text-align: center;\">\u00a0<a href=\"http:\/\/meditassi.com\/?attachment_id=1154\" rel=\"attachment wp-att-1154\"><img decoding=\"async\" loading=\"lazy\" class=\"alignnone wp-image-1154\" src=\"http:\/\/meditassi.com\/wp-content\/uploads\/2013\/05\/Diplome-Windu-Sara.jpg\" alt=\"\" width=\"478\" height=\"318\" srcset=\"https:\/\/meditassi.com\/wp-content\/uploads\/2013\/05\/Diplome-Windu-Sara.jpg 800w, https:\/\/meditassi.com\/wp-content\/uploads\/2013\/05\/Diplome-Windu-Sara-300x200.jpg 300w, https:\/\/meditassi.com\/wp-content\/uploads\/2013\/05\/Diplome-Windu-Sara-768x512.jpg 768w\" sizes=\"(max-width: 478px) 100vw, 478px\" \/><\/a><\/h2>\n","protected":false},"excerpt":{"rendered":"<p>Philippe Renucci \u00a0J&rsquo;ai \u00a0c\u00f4toy\u00e9 la sagesse am\u00e9rindienne et la philosophie bouddhiste\u00a0depuis l&rsquo;enfance.\u00a0N\u00e9 \u00e0 Paris et ayant grandi en Am\u00e9rique du Sud et en Asie, j&rsquo;ai d\u00e9velopp\u00e9 tout au long de ma vie ces sagesses. En parall\u00e8le \u00e0 mon travail de &hellip; <a href=\"https:\/\/meditassi.com\/?page_id=114\">Continuer la lecture <span class=\"meta-nav\">&rarr;<\/span><\/a><\/p>\n","protected":false},"author":1,"featured_media":0,"parent":0,"menu_order":0,"comment_status":"closed","ping_status":"closed","template":"","meta":[],"_links":{"self":[{"href":"https:\/\/meditassi.com\/index.php?rest_route=\/wp\/v2\/pages\/114"}],"collection":[{"href":"https:\/\/meditassi.com\/index.php?rest_route=\/wp\/v2\/pages"}],"about":[{"href":"https:\/\/meditassi.com\/index.php?rest_route=\/wp\/v2\/types\/page"}],"author":[{"embeddable":true,"href":"https:\/\/meditassi.com\/index.php?rest_route=\/wp\/v2\/users\/1"}],"replies":[{"embeddable":true,"href":"https:\/\/meditassi.com\/index.php?rest_route=%2Fwp%2Fv2%2Fcomments&post=114"}],"version-history":[{"count":35,"href":"https:\/\/meditassi.com\/index.php?rest_route=\/wp\/v2\/pages\/114\/revisions"}],"predecessor-version":[{"id":1190,"href":"https:\/\/meditassi.com\/index.php?rest_route=\/wp\/v2\/pages\/114\/revisions\/1190"}],"wp:attachment":[{"href":"https:\/\/meditassi.com\/index.php?rest_route=%2Fwp%2Fv2%2Fmedia&parent=114"}],"curies":[{"name":"wp","href":"https:\/\/api.w.org\/{rel}","templated":true}]}}